{"id":4626,"date":"2018-01-01T17:41:18","date_gmt":"2018-01-01T15:41:18","guid":{"rendered":"http:\/\/test.sykalibu.de\/?page_id=4626"},"modified":"2018-01-01T18:01:50","modified_gmt":"2018-01-01T16:01:50","slug":"planet-plastik","status":"publish","type":"page","link":"http:\/\/test.sykalibu.de\/?page_id=4626","title":{"rendered":"Planet Plastik"},"content":{"rendered":"<p>Unsere Mission: &#8222;Planet Plastik&#8220;\u00a0&#8211; kein neues Thema und gerade deswegen ein Muss. Hier auf dieser Seite folgt nun endlich unsere Selbstverpflichtung zum Thema &#8222;Weniger Kunststoffe im Segelalltag&#8220;. Dies ist ein Projekt im Entstehen. Wir arbeiten an unserem Vorhaben, wollen sehen was geht und was sich nicht oder nur schwer in den Segelalltag einer Familie einbauen l\u00e4sst und hoffen, dass wir damit andere Menschen inspirieren den eigenen Umgang mit Plastik zu \u00fcberdenken.<\/p>\n<p>Warum? Das bedarf wohl keiner Erl\u00e4uterung mehr. Ein Blick ins Internet oder in seri\u00f6se Publikationen offenbart das Ausmass der Trag\u00f6die. Egal ob Wissenschaftler, K\u00fcnstler, Journalisten oder Segler wie wir, alle sind mehr oder weniger ersch\u00fcttert \u00fcber das Ausmass der Verschmutzung. Aber trotzdem gibt es viel zu wenige Menschen, die rigorose Konsequenzen daraus ziehen. In fast allen Bereichen sind wir tagt\u00e4glich mit Plastik konfrontiert. Die Tastatur, auf der ich gerade schreibe &#8211; Segel, Leinen, Schoten, Ventile, &#8230; &#8211; Kleidung und Kosmetik &#8211; &#8230; und da ist auch noch das weite Feld der Verpackungen. Die Liste ist schier endlos. Als Europ\u00e4er neigen wir nun zur bequemen Annahme, dass unsere M\u00fclltrennung und die Recyclingindustrie schon ihren Teil tun werden und WIR Deutschen sicher nicht an der Verschmutzung der Ozeane Schuld haben. Wir (die Kalibu Crew) finden, da machen wir Europ\u00e4er es uns zu einfach.<\/p>\n<div class=\"gmedia_gallery gmediaShortcodeError\" data-gmid=\"13\" data-error=\"phantom: folder missed or module broken\"><\/div>\n<p>&nbsp;<\/p>\n<p>Seit wir Italien verlassen haben, entdeckten wir auch an den entlegensten Orten unserer bisherigen Reise Plastikteile, manchmal im Wasser schwimmend, manchmal am Angelhaken, h\u00e4ufig in vielen Formen und Farben am Strand. Und nun auch, das erste Mal, in unserer Nahrung.\u00a0 Ausgerechnet in Neuseeland, wo ein grosses Problembewusstsein besteht und wo doch die Kiwis fleissig Plastik an den Str\u00e4nden und im Wasser einsammeln. Ausgerechnet hier in der Bay of Islands, die f\u00fcr ihre Muscheln ber\u00fchmt ist, finden wir kleine gr\u00fcne Plastikteile in genau diesen Muscheln. Nat\u00fcrlich wissen wir, dass Muscheln Unmengen an Wasser filtern und dass der Genuss von Schalentieren fragw\u00fcrdig geworden ist. Tiere aus dem scheinbar sauberen Wasser der Bay of Islands, dachten wir, sind noch unbelastet. Weit gefehlt. F\u00fcr mich hat dieses kleine gr\u00fcne Plastikteil das Fass zum \u00dcberlaufen gebracht.<\/p>\n<p><a href=\"http:\/\/test.sykalibu.de\/wp-content\/uploads\/2017\/11\/Bildschirmfoto-2018-01-01-um-10.51.12.png\"><img decoding=\"async\" loading=\"lazy\" class=\"alignleft wp-image-4615 size-medium\" src=\"http:\/\/test.sykalibu.de\/wp-content\/uploads\/2017\/11\/Bildschirmfoto-2018-01-01-um-10.51.12-300x163.png\" alt=\"\" width=\"300\" height=\"163\" srcset=\"http:\/\/test.sykalibu.de\/wp-content\/uploads\/2017\/11\/Bildschirmfoto-2018-01-01-um-10.51.12-300x163.png 300w, http:\/\/test.sykalibu.de\/wp-content\/uploads\/2017\/11\/Bildschirmfoto-2018-01-01-um-10.51.12-768x417.png 768w, http:\/\/test.sykalibu.de\/wp-content\/uploads\/2017\/11\/Bildschirmfoto-2018-01-01-um-10.51.12-1024x557.png 1024w, http:\/\/test.sykalibu.de\/wp-content\/uploads\/2017\/11\/Bildschirmfoto-2018-01-01-um-10.51.12-750x410.png 750w, http:\/\/test.sykalibu.de\/wp-content\/uploads\/2017\/11\/Bildschirmfoto-2018-01-01-um-10.51.12-1140x624.png 1140w\" sizes=\"(max-width: 300px) 100vw, 300px\" \/><\/a><\/p>\n<p>&nbsp;<\/p>\n<p>&nbsp;<\/p>\n<p>&nbsp;<\/p>\n<p>&nbsp;<\/p>\n<p>&nbsp;<\/p>\n<p><a href=\"https:\/\/upload.wikimedia.org\/wikipedia\/commons\/3\/36\/Garbage_Patch_Visualization_Experiment.webm\" target=\"_blank\" rel=\"noopener noreferrer\">Visualization of the flow pattern of ocean pollutants<\/a>\u00a0**<\/p>\n<p><a href=\"http:\/\/test.sykalibu.de\/wp-content\/uploads\/2017\/11\/journal.pone_.0111913.t001.png\"><img decoding=\"async\" loading=\"lazy\" class=\"size-large wp-image-4607 alignnone\" src=\"http:\/\/test.sykalibu.de\/wp-content\/uploads\/2017\/11\/journal.pone_.0111913.t001-1024x386.png\" alt=\"\" width=\"648\" height=\"244\" srcset=\"http:\/\/test.sykalibu.de\/wp-content\/uploads\/2017\/11\/journal.pone_.0111913.t001-1024x386.png 1024w, http:\/\/test.sykalibu.de\/wp-content\/uploads\/2017\/11\/journal.pone_.0111913.t001-300x113.png 300w, http:\/\/test.sykalibu.de\/wp-content\/uploads\/2017\/11\/journal.pone_.0111913.t001-768x289.png 768w\" sizes=\"(max-width: 648px) 100vw, 648px\" \/><\/a><\/p>\n<p><em>Quelle: Eriksen M, Lebreton LCM, Carson HS, Thiel M, Moore CJ, Borerro JC, et al. (2014) Plastic Pollution in the World&#8217;s Oceans: More than 5 Trillion Plastic Pieces Weighing over 250,000 Tons Afloat at Sea. PLoS ONE9(12): e111913. https:\/\/doi.org\/10.1371\/journal.pone.0111913<\/em><\/p>\n<p>&nbsp;<\/p>\n<p>Zoe und ich sammeln schon immer beil\u00e4ufig Plastikm\u00fcll am Wegrand oder am Strand auf; die Kinder verzichten fast zu 100% auf Plastikbeutel beim Einkauf; takeaways und coffee-to-go sind eh nur f\u00fcr St\u00e4dter verf\u00fcgbar; Plastikflaschen gibt es auf der Kalibu selten, in der Regel nur f\u00fcr das &#8222;Notwasser&#8220;, das wir tief in der Bilge verstaut f\u00fcr den Fall eines defekten Wassermachers mitf\u00fchren; die gute alte Tupperdose oder ehemalige Marmeladengl\u00e4ser sind unsere Aufbewahrungsbeh\u00e4lter im K\u00fchlschrank und in der Bilge; Kalibu ist ein Aluboot, das innen fast ausschliesslich mit hochwertigem Holz ausgebaut wurde. Trotzdem gibt es bei uns, wie auf den meisten Segelbooten, auch Massen an Kunststoffen. Moderne Segel, Leinen und Schoten will keiner missen und stehen \u00fcberhaupt nicht zur Diskussion, auch weil sie sehr langlebig sind. Aber wie steht es zum Beispiel mit dem vielgeliebten Fleecepulli, mit der Skiunterw\u00e4sche und der Kunstfaser-Funktionskleidung auf Segelbooten? Die Vorteile, h\u00e4lt warm, transportiert Schweiss nach aussen und trocknet super schnell, sind kaum zu toppen. Ausserdem wurde uns lange vorgebetet, dass der Fleece ja aus recycelten PET-Flaschen hergestellt wird und von daher eine gute Sache ist. Jedoch, abgesehen vom Problem des sogenannten &#8222;Downcyclings&#8220;, sondern gerade Fleecestoffe Mikroplastik in Form von Faserabrieb beim Waschen und Trocknen ab. Diese Partikel gelangen dann, auch bei modernen Kl\u00e4ranlagen wie sie in Europa \u00fcblich sind, fast zu 100% in den Wasserkreislauf, werden von Schalentieren und Fischen aufgenommen und gelangen in unsere Nahrungskette. Die globalen Meeresstr\u00f6me sorgen daf\u00fcr, dass sich die Teile \u00fcberall verbreiten. In den vergleichsweise d\u00fcnn besiedelten s\u00fcdlichen Ozeanen genauso wie im Norden. Einige Wissenschaftler prognostizieren sogar, dass bis 2050 das Plastik in den Meeren mehr wiegen wird als die darin schwimmenden Fische. (Oliver Samson: Das Meer, der M\u00fcll, die Zahnpasta und dein Fleecepulli) Die Folgen sind kaum absehbar. Mikroplastik findet sich dementsprechend im Meersalz, traditionell hergestellt oder nicht, es spielt keine Rolle. Sowie in unserem Leitungswasser. Ein Bericht der nonprofit orbmedia Gruppe besagt, etwa 3\/4 des europ\u00e4ischen Trinkwassers ist mit Mikroplastik verseucht (orbmedia: invisibles plastics). Und in unserem K\u00f6rper. Dies ist mehr als alarmierend finden wir.<\/p>\n<div class=\"gmedia_gallery gmediaShortcodeError\" data-gmid=\"16\" data-error=\"phantom: folder missed or module broken\"><\/div>\n<p>courtesy of :<a href=\"http:\/\/www.sy-robusta.ch\/chile\/unschlagbares-sonderangebot-alles-muss-weg\/nggallery\/thumbnails\" target=\"_blank\" rel=\"noopener noreferrer\"> SY-Robusta\/!Unschlagbares Sonderangebot &#8211; Alles muss weg!<\/a><\/p>\n<p>Das Problem ist nicht neu, die Vorschl\u00e4ge zur Bek\u00e4mpfung des Problems auch nicht. Die orbmedia f\u00fchrt u.a. an Platz drei den Fleecepulli an, gefolgt von der Zahnb\u00fcrste, Latex- und Acrylfarben, die nicht unter fliessendem Wasser ausgewaschen werden sollen, den Abrieb von Autoreifen, der durch Fahrgemeinschaften und \u00d6PNV vermindert werden kann, usw.. Vieles ist f\u00fcr uns sowieso selbstverst\u00e4ndlich oder einfach umsetzbar, auch auf dem Segelboot. Nur die Bambuszahnb\u00fcrste \u00fcberzeugt mich nicht. Und auf den Fleece kann man vielleicht ja doch verzichten. Mein alter Wollpulli, noch 100% Schurwolle, ein echter Fischer-Troyer, hat sich in Patagonien bestens bew\u00e4hrt. War immer kuschelig warm, musste nie gewaschen werden. Und das Salz kann man angeblich raus sch\u00fctteln, behauptete zumindest B. Moitessier.<\/p>\n<p>&nbsp;<\/p>\n<p>** Weitere Informationen zum <a href=\"https:\/\/svs.gsfc.nasa.gov\/4174\" target=\"_blank\" rel=\"noopener noreferrer\">\u00a0Garbage Patch Visualization Experiment<\/a><\/p>\n<hr \/>\n<hr \/>\n<h4><span style=\"color: #ff0000;\"><strong>Was k\u00f6nnen wir tun:<\/strong><\/span><\/h4>\n<p>1 &#8211; Keine PET- Flaschen mehr<br \/>\nWenn irgend m\u00f6glich keine Getr\u00e4nkeflaschen aus Plastik mehr kaufen &#8211; Ausnahme Notwasserration &#8211; dies ist eine echte Herausforderung bei Sodagetr\u00e4nken und S\u00e4ften, da in vielen L\u00e4ndern, die wir besucht haben, Glasflaschen kaum noch verwendet werden.<\/p>\n<p>2 &#8211; Verzicht auf Kunststoffverpackungen und -taschen<br \/>\nImmer einen Rucksack und wiederverwendbare Einkaufstaschen mitnehmen. F\u00fcr den Broteinkauf einen Stoffbeutel mitnehmen. Obst und Gem\u00fcse vom Markt besorgen. Oder, im Supermarkt die Waren nicht in Plastikbeutel einpacken. Fleisch und Wurst direkt beim Fleischer besorgen und eine Tupperdose mitbringen. Yoghurt selbst in Glasgl\u00e4sern zubereiten. Milch aus Trockenmilch herstellen. Tee lose verpackt und nicht in Teebeuteln besorgen, da Teebeutel auch Kunststoffe enthalten. Nachf\u00fcllbare Shampoos und Duschgels verwenden. &#8230;<\/p>\n<p>3 &#8211; Nur Kosmetika und Reiniger ohne Mikroplastik verwenden<br \/>\nEin klassisches Seifenst\u00fcck der Fl\u00fcssigseife vorziehen; Sonnencremes mit mineralischem Filter verwenden; wenn m\u00f6glich Schampoos und Cremes ohne Mikroplastik (bedenkliche Inhaltsstoffe sind z.B. Acrylates Copolymer ); keine Scheuermilch in K\u00fcche und Bad. (Anm.: weil dies ein un\u00fcbersichtliches Thema ist, gibt es ganz unten auf dieser Seite ein paar hilfreiche Links.)<\/p>\n<p>4 &#8211; Kleidung aus Kunstfaser weitestgehend meiden<br \/>\nWollpullover und Wollunterw\u00e4sche f\u00fcr die kalten Tage besorgen, anstatt Fleece; einen speziellen Waschsack (z.B. Guppy Friend) beim Waschen aller Kunstfaserkleider, die bereits an Bord sind, benutzen; nur noch Baumwoll-T-Shirts ohne Elastan kaufen; keine Mikrofaser-Putzlappen mehr verwenden. &#8230;<\/p>\n<p>5 &#8211; Farben, Lacke und Kunstharze in Recyclingh\u00f6fen entsorgen<br \/>\nPinsel und Farbreste nicht auswaschen, sondern eintrocknen lassen und ordentlich entsorgen, d.h. in Recyclingh\u00f6fen, wenn die im Land vorhanden sind. Wenn m\u00f6glich Konservendosen ohne Innenbeschichtung (Stichwort Epoxidharz und BPA) kaufen; manche sind komplett beschichtet andere nur an der Schweissnaht. Dosen sind als Notration immer an Bord, nur leider kann man von aussen nicht sehen, wie sie innen gefertigt sind.<\/p>\n<p>6 &#8211; Jeder Tag ist ein Ocean Cleanup Day<br \/>\nKunststoffm\u00fcll &#8211; egal wo, im Wasser am Strand &#8211; einsammeln und an der n\u00e4chstgelegenen Stelle ordentlich entsorgen.<\/p>\n<p>7 &#8211; Unsere Erfahrungen mit m\u00f6glichst vielen Menschen teilen.<\/p>\n<p>&nbsp;<\/p>\n<p><span style=\"color: #ff0000;\"><em>Sicher werden wir diese Liste in der Zukunft aktualisieren, vielleicht auch erg\u00e4nzen und vor allem an die Segelrealit\u00e4t, weit ab von Recyclingh\u00f6fen, Biol\u00e4den, Smartphones und Unverpackt-L\u00e4den anzupassen. Wir m\u00f6chten im Blog regelm\u00e4ssig unsere Erfahrungen mit euch teilen und unter einer eigenen Kategorie &#8211; Weniger Plastik &#8211; verlinken. Also wenn jemand noch gute Tipps hat, wir freuen uns auf eure Vorschl\u00e4ge.<\/em><\/span><\/p>\n<hr \/>\n<hr \/>\n<h4><span style=\"color: #ff0000;\"><strong>Quellen- und Linksammlung:<\/strong><\/span><\/h4>\n<p><em>Dies ist eine kleine Linksammlung f\u00fcr diejenigen, die sich weiter informieren wollen oder wom\u00f6glich noch zweifeln.<\/em><\/p>\n<ul>\n<li><strong>Englischsprachige Seiten<\/strong><\/li>\n<\/ul>\n<p><a href=\"http:\/\/journals.plos.org\/plosone\/article\/file?id=10.1371\/journal.pone.0111913&amp;type=printable\" target=\"_blank\" rel=\"noopener noreferrer\">journals.plos.org\/plastic-pollution-in-the-world&#8217;s-oceans<\/a><\/p>\n<p>( eine wissenschaftliche Untersuchung der Verteilung von Plastikpartikeln in den Weltmeeren )<\/p>\n<p><em>Eriksen M, Lebreton LCM, Carson HS, Thiel M, Moore CJ, Borerro JC, et al. (2014) Plastic Pollution in the World&#8217;s Oceans: More than 5 Trillion Plastic Pieces Weighing over 250,000 Tons Afloat at Sea. PLoS ONE9(12): e111913. https:\/\/doi.org\/10.1371\/journal.pone.0111913<\/em><\/p>\n<p><a href=\"http:\/\/test.sykalibu.de\/wp-content\/uploads\/2017\/11\/journal.pone_.0111913.pdf\">Plastic Pollution in the World&#8217;s Oceans<\/a><\/p>\n<p><em>\u00a0<\/em><\/p>\n<p><a href=\"https:\/\/orbmedia.org\/stories\/Invisibles_plastics\" target=\"_blank\" rel=\"noopener noreferrer\">orbmedia.org\/invisibles_plastics<\/a><\/p>\n<p>( Reportage \u00fcber die Problematik von Mikroplastik )<\/p>\n<p><a href=\"https:\/\/www.theguardian.com\/environment\/gallery\/2017\/jun\/27\/ocean-plastic-pollution-scotland-in-pictures\" target=\"_blank\" rel=\"noopener noreferrer\">theguardian.com\/ocean-plastic-pollution-scotland-in-pictures<\/a><\/p>\n<p>( Bildbericht \u00fcber die Plastikverschmutzung in Schottland )<\/p>\n<p><a href=\"https:\/\/www.theguardian.com\/environment\/2017\/jun\/28\/a-million-a-minute-worlds-plastic-bottle-binge-as-dangerous-as-climate-change\" target=\"_blank\" rel=\"noopener noreferrer\">theguardian.com\/a-million-a-minute-worlds-plastic-bottle-as-dangerous-as-climate-change<\/a><\/p>\n<p>( Reportage \u00fcber Produktion von PET Flaschen &#8211; weltweit 20.000 Flaschen pro Sekunde und viele weitere Daten\u00a0 )<\/p>\n<p><a href=\"https:\/\/relay.nationalgeographic.com\/proxy\/distribution\/public\/amp\/2017\/07\/plastic-produced-recycling-waste-ocean-trash-debris-environment\" target=\"_blank\" rel=\"noopener noreferrer\">nationalgeographic.com\/plastic-produced-recycling-waste<\/a><\/p>\n<p>( Video Clips und Bild Reportage zum Thema Plastikverschmutzung weltweit )<\/p>\n<p><a href=\"http:\/\/www.bbc.com\/news\/uk-england-kent-41512057\" target=\"_blank\" rel=\"noopener noreferrer\">bbc.com\/uk-england-kent<\/a><\/p>\n<p>( Reportage zur Verseuchung der Muscheln in Kent, England durch Plastik)<\/p>\n<p><a href=\"http:\/\/www.bbc.com\/news\/av\/world-41866046\/the-giant-mass-of-plastic-waste-taking-over-the-caribbean?intlink_from_url=http%3A%2F%2Fwww.bbc.com%2Fnews%2Ftopics%2Fcnegp3jvj32t%2Focean-pollution&amp;link_location=live-reporting-map\" target=\"_blank\" rel=\"noopener noreferrer\">www.bbc.com\/the-giant-mass-of-plastic-waste-taking-over-the-caribbean?<\/a><\/p>\n<p>( Video Clip &#8211; Teppich aus PET Flaschen in der Karibik )<\/p>\n<p>&nbsp;<\/p>\n<ul>\n<li><strong>Deutschsprachige Seiten<\/strong><\/li>\n<\/ul>\n<p class=\"title-heading-left\"><a href=\"http:\/\/www.meeresstiftung.de\/plastikmuell\/\" target=\"_blank\" rel=\"noopener noreferrer\">meeresstiftung.de\/Die Weltmeere verdrecken durch Abw\u00e4sser und Plastikm\u00fcll<\/a><\/p>\n<p class=\"title-heading-left\">( Reportage \u00fcber Entstehung und Gefahren von Mikroplastik )<\/p>\n<p><a href=\"http:\/\/www.zeit.de\/2015\/26\/plastikmuell-nordsee-recycling-umweltschutz\/seite-4\" target=\"_blank\" rel=\"noopener noreferrer\">zeit.de\/Plastikmuell in der Nordsee<\/a><\/p>\n<p>( Reportage \u00fcber Mikroplastik aus Kleidung aus Kunstfasern )<\/p>\n<p><a href=\"https:\/\/www.bund.net\/fileadmin\/user_upload_bund\/publikationen\/meere\/meere_mikroplastik_faltblatt.pdf\" target=\"_blank\" rel=\"noopener noreferrer\">bund.net\/meere_mikroplastik.pdf<\/a><\/p>\n<p>( Infos zu Mikroplastik in Kosmetika )<\/p>\n<p>&nbsp;<\/p>\n<ul>\n<li><strong>Plastik in Kosmetik und Co<\/strong><\/li>\n<\/ul>\n<p>Greenpeace\u00a0 <a href=\"https:\/\/www.greenpeace.de\/sites\/www.greenpeace.de\/files\/publications\/20170502-greenpeace-kurzinfo-plastik-kosmetik.pdf\" target=\"_blank\" rel=\"noopener noreferrer\">Mikroplastik-Checkliste<\/a>\u00a0 von Greenpeace<\/p>\n<p>Negativ-Liste des\u00a0<a title=\"BUND Einkaufsratgeber Mikroplastik\" href=\"https:\/\/www.bund.net\/fileadmin\/user_upload_bund\/publikationen\/meere\/meere_mikroplastik_einkaufsfuehrer.pdf\" target=\"_blank\" rel=\"noopener noreferrer\"> BUND<\/a><strong>\u00a0<\/strong><\/p>\n<p>Zwei Apps, die helfen bedenkliche Inhaltsstoffe zu erkennen<br \/>\n&#8211;\u00a0 <a title=\"Codecheck\" href=\"http:\/\/www.codecheck.info\/so-gehts\/start\" target=\"_blank\" rel=\"noopener noreferrer\">Codecheck<\/a> <a title=\"App Get the Microbead\" href=\"http:\/\/get.beatthemicrobead.org\/\" target=\"_blank\" rel=\"noopener noreferrer\">App<br \/>\n<\/a>&#8211;\u00a0 <a title=\"App Get the Microbead\" href=\"http:\/\/get.beatthemicrobead.org\/\" target=\"_blank\" rel=\"noopener noreferrer\">Beat the Microbead<\/a><\/p>\n<p>&nbsp;<\/p>\n<ul>\n<li><strong>Quellen<\/strong><\/li>\n<\/ul>\n<p>Oliver Samson: Das Meer, der M\u00fcll, die Zahnpasta und dein Fleecepulli &#8211; <a href=\"https:\/\/blog.wwf.de\/mikroplastik-das-meer-der-muell-die-zahnpasta-und-dein-fleecepulli\/\" target=\"_blank\" rel=\"noopener noreferrer\">blog.wwwf.de\/mikroplastik<\/a> &#8211; 2. Februar 2016<\/p>\n<p>orbmedia &#8211; <a href=\"https:\/\/orbmedia.org\/stories\/Invisibles_plastics\/multimedia\" target=\"_blank\" rel=\"noopener noreferrer\">invisibles plastics<\/a><\/p>\n<p>&nbsp;<\/p>\n<p>&nbsp;<\/p>\n","protected":false},"excerpt":{"rendered":"<p>Unsere Mission: &#8222;Planet Plastik&#8220;\u00a0&#8211; kein neues Thema und gerade deswegen ein Muss. Hier auf dieser Seite folgt nun endlich unsere Selbstverpflichtung zum Thema &#8222;Weniger Kunststoffe im Segelalltag&#8220;. Dies ist ein Projekt im Entstehen. Wir arbeiten an unserem Vorhaben, wollen sehen was geht und was sich nicht oder nur schwer in den Segelalltag einer Familie einbauen [&hellip;]<\/p>\n","protected":false},"author":1,"featured_media":4540,"parent":0,"menu_order":0,"comment_status":"closed","ping_status":"closed","template":"","meta":[],"_links":{"self":[{"href":"http:\/\/test.sykalibu.de\/index.php?rest_route=\/wp\/v2\/pages\/4626"}],"collection":[{"href":"http:\/\/test.sykalibu.de\/index.php?rest_route=\/wp\/v2\/pages"}],"about":[{"href":"http:\/\/test.sykalibu.de\/index.php?rest_route=\/wp\/v2\/types\/page"}],"author":[{"embeddable":true,"href":"http:\/\/test.sykalibu.de\/index.php?rest_route=\/wp\/v2\/users\/1"}],"replies":[{"embeddable":true,"href":"http:\/\/test.sykalibu.de\/index.php?rest_route=%2Fwp%2Fv2%2Fcomments&post=4626"}],"version-history":[{"count":4,"href":"http:\/\/test.sykalibu.de\/index.php?rest_route=\/wp\/v2\/pages\/4626\/revisions"}],"predecessor-version":[{"id":4633,"href":"http:\/\/test.sykalibu.de\/index.php?rest_route=\/wp\/v2\/pages\/4626\/revisions\/4633"}],"wp:featuredmedia":[{"embeddable":true,"href":"http:\/\/test.sykalibu.de\/index.php?rest_route=\/wp\/v2\/media\/4540"}],"wp:attachment":[{"href":"http:\/\/test.sykalibu.de\/index.php?rest_route=%2Fwp%2Fv2%2Fmedia&parent=4626"}],"curies":[{"name":"wp","href":"https:\/\/api.w.org\/{rel}","templated":true}]}}