{"id":4415,"date":"2017-11-11T05:05:00","date_gmt":"2017-11-11T03:05:00","guid":{"rendered":"http:\/\/test.sykalibu.de\/?page_id=4415"},"modified":"2017-11-11T05:05:00","modified_gmt":"2017-11-11T03:05:00","slug":"wakokalibu","status":"publish","type":"page","link":"http:\/\/test.sykalibu.de\/?page_id=4415","title":{"rendered":"WAKO@Kalibu"},"content":{"rendered":"<p>Seit 2016 haben wir einen kleinen gr\u00fcnen Gef\u00e4hrten. Er nennt sich WAKO und wurde uns vom K\u00fcnstler Rafael Lanfranco mit auf die Reise gegeben. Er sagt, WAKO steht f\u00fcr ein weltoffenes neues Peru, das eine zeitgem\u00e4\u00dfe Kultur aus den alten Wurzeln entwickelt und WAKO soll dieses Bild von Peru in die Welt tragen.<\/p>\n<p>Siehe \u2013 <a href=\"https:\/\/www.facebook.com\/pg\/4d2StudioWakos\/photos\/?tab=album&amp;album_id=231518140294662\">#wakoingtheworld<\/a><\/p>\n<div id='gallery-1' class='gallery galleryid-4415 gallery-columns-5 gallery-size-thumbnail'><figure class='gallery-item'>\n\t\t\t<div class='gallery-icon landscape'>\n\t\t\t\t<a href='http:\/\/test.sykalibu.de\/wp-content\/uploads\/2017\/11\/P1000379-Kopie.jpg'><img width=\"150\" height=\"150\" src=\"http:\/\/test.sykalibu.de\/wp-content\/uploads\/2017\/11\/P1000379-Kopie-150x150.jpg\" class=\"attachment-thumbnail size-thumbnail\" alt=\"\" decoding=\"async\" loading=\"lazy\" aria-describedby=\"gallery-1-4433\" srcset=\"http:\/\/test.sykalibu.de\/wp-content\/uploads\/2017\/11\/P1000379-Kopie-150x150.jpg 150w, http:\/\/test.sykalibu.de\/wp-content\/uploads\/2017\/11\/P1000379-Kopie-60x60.jpg 60w\" sizes=\"(max-width: 150px) 100vw, 150px\" \/><\/a>\n\t\t\t<\/div>\n\t\t\t\t<figcaption class='wp-caption-text gallery-caption' id='gallery-1-4433'>\n\t\t\t\t@ Kalibu\n\t\t\t\t<\/figcaption><\/figure><figure class='gallery-item'>\n\t\t\t<div class='gallery-icon landscape'>\n\t\t\t\t<a href='http:\/\/test.sykalibu.de\/wp-content\/uploads\/2016\/11\/image-26.jpeg'><img width=\"150\" height=\"150\" src=\"http:\/\/test.sykalibu.de\/wp-content\/uploads\/2016\/11\/image-26-150x150.jpeg\" class=\"attachment-thumbnail size-thumbnail\" alt=\"\" decoding=\"async\" loading=\"lazy\" aria-describedby=\"gallery-1-3241\" srcset=\"http:\/\/test.sykalibu.de\/wp-content\/uploads\/2016\/11\/image-26-150x150.jpeg 150w, http:\/\/test.sykalibu.de\/wp-content\/uploads\/2016\/11\/image-26-60x60.jpeg 60w\" sizes=\"(max-width: 150px) 100vw, 150px\" \/><\/a>\n\t\t\t<\/div>\n\t\t\t\t<figcaption class='wp-caption-text gallery-caption' id='gallery-1-3241'>\n\t\t\t\tLa Paz &#8211; Bolivia\n\t\t\t\t<\/figcaption><\/figure><figure class='gallery-item'>\n\t\t\t<div class='gallery-icon landscape'>\n\t\t\t\t<a href='http:\/\/test.sykalibu.de\/wp-content\/uploads\/2016\/11\/image-6.jpeg'><img width=\"150\" height=\"150\" src=\"http:\/\/test.sykalibu.de\/wp-content\/uploads\/2016\/11\/image-6-150x150.jpeg\" class=\"attachment-thumbnail size-thumbnail\" alt=\"\" decoding=\"async\" loading=\"lazy\" srcset=\"http:\/\/test.sykalibu.de\/wp-content\/uploads\/2016\/11\/image-6-150x150.jpeg 150w, http:\/\/test.sykalibu.de\/wp-content\/uploads\/2016\/11\/image-6-60x60.jpeg 60w\" sizes=\"(max-width: 150px) 100vw, 150px\" \/><\/a>\n\t\t\t<\/div><\/figure><figure class='gallery-item'>\n\t\t\t<div class='gallery-icon landscape'>\n\t\t\t\t<a href='http:\/\/test.sykalibu.de\/wp-content\/uploads\/2017\/11\/P1000371.jpg'><img width=\"150\" height=\"150\" src=\"http:\/\/test.sykalibu.de\/wp-content\/uploads\/2017\/11\/P1000371-150x150.jpg\" class=\"attachment-thumbnail size-thumbnail\" alt=\"\" decoding=\"async\" loading=\"lazy\" srcset=\"http:\/\/test.sykalibu.de\/wp-content\/uploads\/2017\/11\/P1000371-150x150.jpg 150w, http:\/\/test.sykalibu.de\/wp-content\/uploads\/2017\/11\/P1000371-60x60.jpg 60w\" sizes=\"(max-width: 150px) 100vw, 150px\" \/><\/a>\n\t\t\t<\/div><\/figure><figure class='gallery-item'>\n\t\t\t<div class='gallery-icon landscape'>\n\t\t\t\t<a href='http:\/\/test.sykalibu.de\/wp-content\/uploads\/2017\/11\/P1000377-Kopie.jpg'><img width=\"150\" height=\"150\" src=\"http:\/\/test.sykalibu.de\/wp-content\/uploads\/2017\/11\/P1000377-Kopie-150x150.jpg\" class=\"attachment-thumbnail size-thumbnail\" alt=\"\" decoding=\"async\" loading=\"lazy\" aria-describedby=\"gallery-1-4431\" srcset=\"http:\/\/test.sykalibu.de\/wp-content\/uploads\/2017\/11\/P1000377-Kopie-150x150.jpg 150w, http:\/\/test.sykalibu.de\/wp-content\/uploads\/2017\/11\/P1000377-Kopie-60x60.jpg 60w\" sizes=\"(max-width: 150px) 100vw, 150px\" \/><\/a>\n\t\t\t<\/div>\n\t\t\t\t<figcaption class='wp-caption-text gallery-caption' id='gallery-1-4431'>\n\t\t\t\t@ Kalibu\n\t\t\t\t<\/figcaption><\/figure><figure class='gallery-item'>\n\t\t\t<div class='gallery-icon landscape'>\n\t\t\t\t<a href='http:\/\/test.sykalibu.de\/wp-content\/uploads\/2016\/10\/image-162.jpeg'><img width=\"150\" height=\"150\" src=\"http:\/\/test.sykalibu.de\/wp-content\/uploads\/2016\/10\/image-162-150x150.jpeg\" class=\"attachment-thumbnail size-thumbnail\" alt=\"\" decoding=\"async\" loading=\"lazy\" srcset=\"http:\/\/test.sykalibu.de\/wp-content\/uploads\/2016\/10\/image-162-150x150.jpeg 150w, http:\/\/test.sykalibu.de\/wp-content\/uploads\/2016\/10\/image-162-60x60.jpeg 60w\" sizes=\"(max-width: 150px) 100vw, 150px\" \/><\/a>\n\t\t\t<\/div><\/figure><figure class='gallery-item'>\n\t\t\t<div class='gallery-icon landscape'>\n\t\t\t\t<a href='http:\/\/test.sykalibu.de\/wp-content\/uploads\/2016\/10\/image-169.jpeg'><img width=\"150\" height=\"150\" src=\"http:\/\/test.sykalibu.de\/wp-content\/uploads\/2016\/10\/image-169-150x150.jpeg\" class=\"attachment-thumbnail size-thumbnail\" alt=\"\" decoding=\"async\" loading=\"lazy\" srcset=\"http:\/\/test.sykalibu.de\/wp-content\/uploads\/2016\/10\/image-169-150x150.jpeg 150w, http:\/\/test.sykalibu.de\/wp-content\/uploads\/2016\/10\/image-169-60x60.jpeg 60w\" sizes=\"(max-width: 150px) 100vw, 150px\" \/><\/a>\n\t\t\t<\/div><\/figure><figure class='gallery-item'>\n\t\t\t<div class='gallery-icon portrait'>\n\t\t\t\t<a href='http:\/\/test.sykalibu.de\/wp-content\/uploads\/2017\/11\/IMG_5528.jpg'><img width=\"150\" height=\"150\" src=\"http:\/\/test.sykalibu.de\/wp-content\/uploads\/2017\/11\/IMG_5528-150x150.jpg\" class=\"attachment-thumbnail size-thumbnail\" alt=\"\" decoding=\"async\" loading=\"lazy\" srcset=\"http:\/\/test.sykalibu.de\/wp-content\/uploads\/2017\/11\/IMG_5528-150x150.jpg 150w, http:\/\/test.sykalibu.de\/wp-content\/uploads\/2017\/11\/IMG_5528-60x60.jpg 60w\" sizes=\"(max-width: 150px) 100vw, 150px\" \/><\/a>\n\t\t\t<\/div><\/figure><figure class='gallery-item'>\n\t\t\t<div class='gallery-icon portrait'>\n\t\t\t\t<a href='http:\/\/test.sykalibu.de\/wp-content\/uploads\/2016\/10\/image.png'><img width=\"150\" height=\"150\" src=\"http:\/\/test.sykalibu.de\/wp-content\/uploads\/2016\/10\/image-150x150.png\" class=\"attachment-thumbnail size-thumbnail\" alt=\"\" decoding=\"async\" loading=\"lazy\" srcset=\"http:\/\/test.sykalibu.de\/wp-content\/uploads\/2016\/10\/image-150x150.png 150w, http:\/\/test.sykalibu.de\/wp-content\/uploads\/2016\/10\/image-60x60.png 60w\" sizes=\"(max-width: 150px) 100vw, 150px\" \/><\/a>\n\t\t\t<\/div><\/figure><figure class='gallery-item'>\n\t\t\t<div class='gallery-icon landscape'>\n\t\t\t\t<a href='http:\/\/test.sykalibu.de\/wp-content\/uploads\/2017\/11\/IMG_5205.jpg'><img width=\"150\" height=\"150\" src=\"http:\/\/test.sykalibu.de\/wp-content\/uploads\/2017\/11\/IMG_5205-150x150.jpg\" class=\"attachment-thumbnail size-thumbnail\" alt=\"\" decoding=\"async\" loading=\"lazy\" srcset=\"http:\/\/test.sykalibu.de\/wp-content\/uploads\/2017\/11\/IMG_5205-150x150.jpg 150w, http:\/\/test.sykalibu.de\/wp-content\/uploads\/2017\/11\/IMG_5205-60x60.jpg 60w\" sizes=\"(max-width: 150px) 100vw, 150px\" \/><\/a>\n\t\t\t<\/div><\/figure><figure class='gallery-item'>\n\t\t\t<div class='gallery-icon portrait'>\n\t\t\t\t<a href='http:\/\/test.sykalibu.de\/wp-content\/uploads\/2016\/10\/image-172.jpeg'><img width=\"150\" height=\"150\" src=\"http:\/\/test.sykalibu.de\/wp-content\/uploads\/2016\/10\/image-172-150x150.jpeg\" class=\"attachment-thumbnail size-thumbnail\" alt=\"\" decoding=\"async\" loading=\"lazy\" srcset=\"http:\/\/test.sykalibu.de\/wp-content\/uploads\/2016\/10\/image-172-150x150.jpeg 150w, http:\/\/test.sykalibu.de\/wp-content\/uploads\/2016\/10\/image-172-60x60.jpeg 60w\" sizes=\"(max-width: 150px) 100vw, 150px\" \/><\/a>\n\t\t\t<\/div><\/figure><figure class='gallery-item'>\n\t\t\t<div class='gallery-icon landscape'>\n\t\t\t\t<a href='http:\/\/test.sykalibu.de\/wp-content\/uploads\/2017\/11\/IMG_5521.jpg'><img width=\"150\" height=\"150\" src=\"http:\/\/test.sykalibu.de\/wp-content\/uploads\/2017\/11\/IMG_5521-150x150.jpg\" class=\"attachment-thumbnail size-thumbnail\" alt=\"\" decoding=\"async\" loading=\"lazy\" srcset=\"http:\/\/test.sykalibu.de\/wp-content\/uploads\/2017\/11\/IMG_5521-150x150.jpg 150w, http:\/\/test.sykalibu.de\/wp-content\/uploads\/2017\/11\/IMG_5521-60x60.jpg 60w\" sizes=\"(max-width: 150px) 100vw, 150px\" \/><\/a>\n\t\t\t<\/div><\/figure><figure class='gallery-item'>\n\t\t\t<div class='gallery-icon portrait'>\n\t\t\t\t<a href='http:\/\/test.sykalibu.de\/wp-content\/uploads\/2017\/11\/IMG_5549.jpg'><img width=\"150\" height=\"150\" src=\"http:\/\/test.sykalibu.de\/wp-content\/uploads\/2017\/11\/IMG_5549-150x150.jpg\" class=\"attachment-thumbnail size-thumbnail\" alt=\"\" decoding=\"async\" loading=\"lazy\" srcset=\"http:\/\/test.sykalibu.de\/wp-content\/uploads\/2017\/11\/IMG_5549-150x150.jpg 150w, http:\/\/test.sykalibu.de\/wp-content\/uploads\/2017\/11\/IMG_5549-60x60.jpg 60w\" sizes=\"(max-width: 150px) 100vw, 150px\" \/><\/a>\n\t\t\t<\/div><\/figure><figure class='gallery-item'>\n\t\t\t<div class='gallery-icon landscape'>\n\t\t\t\t<a href='http:\/\/test.sykalibu.de\/wp-content\/uploads\/2017\/11\/P1240294-Kopie.jpg'><img width=\"150\" height=\"150\" src=\"http:\/\/test.sykalibu.de\/wp-content\/uploads\/2017\/11\/P1240294-Kopie-150x150.jpg\" class=\"attachment-thumbnail size-thumbnail\" alt=\"\" decoding=\"async\" loading=\"lazy\" aria-describedby=\"gallery-1-4437\" srcset=\"http:\/\/test.sykalibu.de\/wp-content\/uploads\/2017\/11\/P1240294-Kopie-150x150.jpg 150w, http:\/\/test.sykalibu.de\/wp-content\/uploads\/2017\/11\/P1240294-Kopie-60x60.jpg 60w\" sizes=\"(max-width: 150px) 100vw, 150px\" \/><\/a>\n\t\t\t<\/div>\n\t\t\t\t<figcaption class='wp-caption-text gallery-caption' id='gallery-1-4437'>\n\t\t\t\t@ Kalibu\n\t\t\t\t<\/figcaption><\/figure><figure class='gallery-item'>\n\t\t\t<div class='gallery-icon portrait'>\n\t\t\t\t<a href='http:\/\/test.sykalibu.de\/wp-content\/uploads\/2017\/11\/IMG_5524.jpg'><img width=\"150\" height=\"150\" src=\"http:\/\/test.sykalibu.de\/wp-content\/uploads\/2017\/11\/IMG_5524-150x150.jpg\" class=\"attachment-thumbnail size-thumbnail\" alt=\"\" decoding=\"async\" loading=\"lazy\" srcset=\"http:\/\/test.sykalibu.de\/wp-content\/uploads\/2017\/11\/IMG_5524-150x150.jpg 150w, http:\/\/test.sykalibu.de\/wp-content\/uploads\/2017\/11\/IMG_5524-60x60.jpg 60w\" sizes=\"(max-width: 150px) 100vw, 150px\" \/><\/a>\n\t\t\t<\/div><\/figure><figure class='gallery-item'>\n\t\t\t<div class='gallery-icon portrait'>\n\t\t\t\t<a href='http:\/\/test.sykalibu.de\/wp-content\/uploads\/2016\/10\/image-144-e1477175987949.jpeg'><img width=\"150\" height=\"150\" src=\"http:\/\/test.sykalibu.de\/wp-content\/uploads\/2016\/10\/image-144-e1477175987949-150x150.jpeg\" class=\"attachment-thumbnail size-thumbnail\" alt=\"\" decoding=\"async\" loading=\"lazy\" srcset=\"http:\/\/test.sykalibu.de\/wp-content\/uploads\/2016\/10\/image-144-e1477175987949-150x150.jpeg 150w, http:\/\/test.sykalibu.de\/wp-content\/uploads\/2016\/10\/image-144-e1477175987949-60x60.jpeg 60w\" sizes=\"(max-width: 150px) 100vw, 150px\" \/><\/a>\n\t\t\t<\/div><\/figure><figure class='gallery-item'>\n\t\t\t<div class='gallery-icon landscape'>\n\t\t\t\t<a href='http:\/\/test.sykalibu.de\/wp-content\/uploads\/2017\/11\/P1240195-Kopie.jpg'><img width=\"150\" height=\"150\" src=\"http:\/\/test.sykalibu.de\/wp-content\/uploads\/2017\/11\/P1240195-Kopie-150x150.jpg\" class=\"attachment-thumbnail size-thumbnail\" alt=\"\" decoding=\"async\" loading=\"lazy\" aria-describedby=\"gallery-1-4435\" srcset=\"http:\/\/test.sykalibu.de\/wp-content\/uploads\/2017\/11\/P1240195-Kopie-150x150.jpg 150w, http:\/\/test.sykalibu.de\/wp-content\/uploads\/2017\/11\/P1240195-Kopie-60x60.jpg 60w\" sizes=\"(max-width: 150px) 100vw, 150px\" \/><\/a>\n\t\t\t<\/div>\n\t\t\t\t<figcaption class='wp-caption-text gallery-caption' id='gallery-1-4435'>\n\t\t\t\tEaster Island &#8211; Chile\n\t\t\t\t<\/figcaption><\/figure><figure class='gallery-item'>\n\t\t\t<div class='gallery-icon portrait'>\n\t\t\t\t<a href='http:\/\/test.sykalibu.de\/wp-content\/uploads\/2016\/12\/best-of-16-P1240019-1.jpg'><img width=\"150\" height=\"150\" src=\"http:\/\/test.sykalibu.de\/wp-content\/uploads\/2016\/12\/best-of-16-P1240019-1-150x150.jpg\" class=\"attachment-thumbnail size-thumbnail\" alt=\"\" decoding=\"async\" loading=\"lazy\" aria-describedby=\"gallery-1-3516\" srcset=\"http:\/\/test.sykalibu.de\/wp-content\/uploads\/2016\/12\/best-of-16-P1240019-1-150x150.jpg 150w, http:\/\/test.sykalibu.de\/wp-content\/uploads\/2016\/12\/best-of-16-P1240019-1-60x60.jpg 60w\" sizes=\"(max-width: 150px) 100vw, 150px\" \/><\/a>\n\t\t\t<\/div>\n\t\t\t\t<figcaption class='wp-caption-text gallery-caption' id='gallery-1-3516'>\n\t\t\t\tPuerto Montt &#8211; Chile\n\t\t\t\t<\/figcaption><\/figure><figure class='gallery-item'>\n\t\t\t<div class='gallery-icon portrait'>\n\t\t\t\t<a href='http:\/\/test.sykalibu.de\/wp-content\/uploads\/2017\/11\/P1240193-Kopie.jpg'><img width=\"150\" height=\"150\" src=\"http:\/\/test.sykalibu.de\/wp-content\/uploads\/2017\/11\/P1240193-Kopie-150x150.jpg\" class=\"attachment-thumbnail size-thumbnail\" alt=\"\" decoding=\"async\" loading=\"lazy\" aria-describedby=\"gallery-1-4434\" srcset=\"http:\/\/test.sykalibu.de\/wp-content\/uploads\/2017\/11\/P1240193-Kopie-150x150.jpg 150w, http:\/\/test.sykalibu.de\/wp-content\/uploads\/2017\/11\/P1240193-Kopie-60x60.jpg 60w\" sizes=\"(max-width: 150px) 100vw, 150px\" \/><\/a>\n\t\t\t<\/div>\n\t\t\t\t<figcaption class='wp-caption-text gallery-caption' id='gallery-1-4434'>\n\t\t\t\tEaster Island &#8211; Chile\n\t\t\t\t<\/figcaption><\/figure><figure class='gallery-item'>\n\t\t\t<div class='gallery-icon landscape'>\n\t\t\t\t<a href='http:\/\/test.sykalibu.de\/wp-content\/uploads\/2017\/11\/FullSizeRender-9.jpg'><img width=\"150\" height=\"150\" src=\"http:\/\/test.sykalibu.de\/wp-content\/uploads\/2017\/11\/FullSizeRender-9-150x150.jpg\" class=\"attachment-thumbnail size-thumbnail\" alt=\"\" decoding=\"async\" loading=\"lazy\" aria-describedby=\"gallery-1-4432\" srcset=\"http:\/\/test.sykalibu.de\/wp-content\/uploads\/2017\/11\/FullSizeRender-9-150x150.jpg 150w, http:\/\/test.sykalibu.de\/wp-content\/uploads\/2017\/11\/FullSizeRender-9-60x60.jpg 60w\" sizes=\"(max-width: 150px) 100vw, 150px\" \/><\/a>\n\t\t\t<\/div>\n\t\t\t\t<figcaption class='wp-caption-text gallery-caption' id='gallery-1-4432'>\n\t\t\t\t@ Kalibu\n\t\t\t\t<\/figcaption><\/figure><figure class='gallery-item'>\n\t\t\t<div class='gallery-icon portrait'>\n\t\t\t\t<a href='http:\/\/test.sykalibu.de\/wp-content\/uploads\/2017\/11\/IMG_5527.jpg'><img width=\"150\" height=\"150\" src=\"http:\/\/test.sykalibu.de\/wp-content\/uploads\/2017\/11\/IMG_5527-150x150.jpg\" class=\"attachment-thumbnail size-thumbnail\" alt=\"\" decoding=\"async\" loading=\"lazy\" srcset=\"http:\/\/test.sykalibu.de\/wp-content\/uploads\/2017\/11\/IMG_5527-150x150.jpg 150w, http:\/\/test.sykalibu.de\/wp-content\/uploads\/2017\/11\/IMG_5527-60x60.jpg 60w\" sizes=\"(max-width: 150px) 100vw, 150px\" \/><\/a>\n\t\t\t<\/div><\/figure><figure class='gallery-item'>\n\t\t\t<div class='gallery-icon portrait'>\n\t\t\t\t<a href='http:\/\/test.sykalibu.de\/wp-content\/uploads\/2016\/10\/image-168.jpeg'><img width=\"150\" height=\"150\" src=\"http:\/\/test.sykalibu.de\/wp-content\/uploads\/2016\/10\/image-168-150x150.jpeg\" class=\"attachment-thumbnail size-thumbnail\" alt=\"\" decoding=\"async\" loading=\"lazy\" srcset=\"http:\/\/test.sykalibu.de\/wp-content\/uploads\/2016\/10\/image-168-150x150.jpeg 150w, http:\/\/test.sykalibu.de\/wp-content\/uploads\/2016\/10\/image-168-60x60.jpeg 60w\" sizes=\"(max-width: 150px) 100vw, 150px\" \/><\/a>\n\t\t\t<\/div><\/figure><figure class='gallery-item'>\n\t\t\t<div class='gallery-icon portrait'>\n\t\t\t\t<a href='http:\/\/test.sykalibu.de\/wp-content\/uploads\/2017\/11\/P1000296.jpg'><img width=\"150\" height=\"150\" src=\"http:\/\/test.sykalibu.de\/wp-content\/uploads\/2017\/11\/P1000296-150x150.jpg\" class=\"attachment-thumbnail size-thumbnail\" alt=\"\" decoding=\"async\" loading=\"lazy\" aria-describedby=\"gallery-1-4419\" srcset=\"http:\/\/test.sykalibu.de\/wp-content\/uploads\/2017\/11\/P1000296-150x150.jpg 150w, http:\/\/test.sykalibu.de\/wp-content\/uploads\/2017\/11\/P1000296-60x60.jpg 60w\" sizes=\"(max-width: 150px) 100vw, 150px\" \/><\/a>\n\t\t\t<\/div>\n\t\t\t\t<figcaption class='wp-caption-text gallery-caption' id='gallery-1-4419'>\n\t\t\t\tRobinson Crusoe Island &#8211; Chile\n\t\t\t\t<\/figcaption><\/figure><figure class='gallery-item'>\n\t\t\t<div class='gallery-icon landscape'>\n\t\t\t\t<a href='http:\/\/test.sykalibu.de\/wp-content\/uploads\/2017\/11\/P1240293-Kopie.jpg'><img width=\"150\" height=\"150\" src=\"http:\/\/test.sykalibu.de\/wp-content\/uploads\/2017\/11\/P1240293-Kopie-150x150.jpg\" class=\"attachment-thumbnail size-thumbnail\" alt=\"\" decoding=\"async\" loading=\"lazy\" aria-describedby=\"gallery-1-4436\" srcset=\"http:\/\/test.sykalibu.de\/wp-content\/uploads\/2017\/11\/P1240293-Kopie-150x150.jpg 150w, http:\/\/test.sykalibu.de\/wp-content\/uploads\/2017\/11\/P1240293-Kopie-60x60.jpg 60w\" sizes=\"(max-width: 150px) 100vw, 150px\" \/><\/a>\n\t\t\t<\/div>\n\t\t\t\t<figcaption class='wp-caption-text gallery-caption' id='gallery-1-4436'>\n\t\t\t\t@ Kalibu\n\t\t\t\t<\/figcaption><\/figure><figure class='gallery-item'>\n\t\t\t<div class='gallery-icon landscape'>\n\t\t\t\t<a href='http:\/\/test.sykalibu.de\/wp-content\/uploads\/2016\/11\/image-106.jpeg'><img width=\"150\" height=\"150\" src=\"http:\/\/test.sykalibu.de\/wp-content\/uploads\/2016\/11\/image-106-150x150.jpeg\" class=\"attachment-thumbnail size-thumbnail\" alt=\"\" decoding=\"async\" loading=\"lazy\" srcset=\"http:\/\/test.sykalibu.de\/wp-content\/uploads\/2016\/11\/image-106-150x150.jpeg 150w, http:\/\/test.sykalibu.de\/wp-content\/uploads\/2016\/11\/image-106-60x60.jpeg 60w\" sizes=\"(max-width: 150px) 100vw, 150px\" \/><\/a>\n\t\t\t<\/div><\/figure><figure class='gallery-item'>\n\t\t\t<div class='gallery-icon landscape'>\n\t\t\t\t<a href='http:\/\/test.sykalibu.de\/wp-content\/uploads\/2017\/11\/IMG_5525.jpg'><img width=\"150\" height=\"150\" src=\"http:\/\/test.sykalibu.de\/wp-content\/uploads\/2017\/11\/IMG_5525-150x150.jpg\" class=\"attachment-thumbnail size-thumbnail\" alt=\"\" decoding=\"async\" loading=\"lazy\" srcset=\"http:\/\/test.sykalibu.de\/wp-content\/uploads\/2017\/11\/IMG_5525-150x150.jpg 150w, http:\/\/test.sykalibu.de\/wp-content\/uploads\/2017\/11\/IMG_5525-60x60.jpg 60w\" sizes=\"(max-width: 150px) 100vw, 150px\" \/><\/a>\n\t\t\t<\/div><\/figure><figure class='gallery-item'>\n\t\t\t<div class='gallery-icon portrait'>\n\t\t\t\t<a href='http:\/\/test.sykalibu.de\/wp-content\/uploads\/2016\/11\/image-5-e1478125225459.jpeg'><img width=\"150\" height=\"150\" src=\"http:\/\/test.sykalibu.de\/wp-content\/uploads\/2016\/11\/image-5-e1478125225459-150x150.jpeg\" class=\"attachment-thumbnail size-thumbnail\" alt=\"\" decoding=\"async\" loading=\"lazy\" srcset=\"http:\/\/test.sykalibu.de\/wp-content\/uploads\/2016\/11\/image-5-e1478125225459-150x150.jpeg 150w, http:\/\/test.sykalibu.de\/wp-content\/uploads\/2016\/11\/image-5-e1478125225459-60x60.jpeg 60w\" sizes=\"(max-width: 150px) 100vw, 150px\" \/><\/a>\n\t\t\t<\/div><\/figure><figure class='gallery-item'>\n\t\t\t<div class='gallery-icon portrait'>\n\t\t\t\t<a href='http:\/\/test.sykalibu.de\/wp-content\/uploads\/2017\/11\/P1000378-Kopie.jpg'><img width=\"150\" height=\"150\" src=\"http:\/\/test.sykalibu.de\/wp-content\/uploads\/2017\/11\/P1000378-Kopie-150x150.jpg\" class=\"attachment-thumbnail size-thumbnail\" alt=\"\" decoding=\"async\" loading=\"lazy\" aria-describedby=\"gallery-1-4438\" srcset=\"http:\/\/test.sykalibu.de\/wp-content\/uploads\/2017\/11\/P1000378-Kopie-150x150.jpg 150w, http:\/\/test.sykalibu.de\/wp-content\/uploads\/2017\/11\/P1000378-Kopie-60x60.jpg 60w\" sizes=\"(max-width: 150px) 100vw, 150px\" \/><\/a>\n\t\t\t<\/div>\n\t\t\t\t<figcaption class='wp-caption-text gallery-caption' id='gallery-1-4438'>\n\t\t\t\t@ Kalibu\n\t\t\t\t<\/figcaption><\/figure><figure class='gallery-item'>\n\t\t\t<div class='gallery-icon landscape'>\n\t\t\t\t<a href='http:\/\/test.sykalibu.de\/wp-content\/uploads\/2017\/11\/IMG_5218.jpg'><img width=\"150\" height=\"150\" src=\"http:\/\/test.sykalibu.de\/wp-content\/uploads\/2017\/11\/IMG_5218-150x150.jpg\" class=\"attachment-thumbnail size-thumbnail\" alt=\"\" decoding=\"async\" loading=\"lazy\" srcset=\"http:\/\/test.sykalibu.de\/wp-content\/uploads\/2017\/11\/IMG_5218-150x150.jpg 150w, http:\/\/test.sykalibu.de\/wp-content\/uploads\/2017\/11\/IMG_5218-60x60.jpg 60w\" sizes=\"(max-width: 150px) 100vw, 150px\" \/><\/a>\n\t\t\t<\/div><\/figure><figure class='gallery-item'>\n\t\t\t<div class='gallery-icon portrait'>\n\t\t\t\t<a href='http:\/\/test.sykalibu.de\/wp-content\/uploads\/2017\/11\/IMG_5220.jpg'><img width=\"150\" height=\"150\" src=\"http:\/\/test.sykalibu.de\/wp-content\/uploads\/2017\/11\/IMG_5220-150x150.jpg\" class=\"attachment-thumbnail size-thumbnail\" alt=\"\" decoding=\"async\" loading=\"lazy\" srcset=\"http:\/\/test.sykalibu.de\/wp-content\/uploads\/2017\/11\/IMG_5220-150x150.jpg 150w, http:\/\/test.sykalibu.de\/wp-content\/uploads\/2017\/11\/IMG_5220-60x60.jpg 60w\" sizes=\"(max-width: 150px) 100vw, 150px\" \/><\/a>\n\t\t\t<\/div><\/figure><figure class='gallery-item'>\n\t\t\t<div class='gallery-icon portrait'>\n\t\t\t\t<a href='http:\/\/test.sykalibu.de\/wp-content\/uploads\/2017\/11\/IMG_5202.jpg'><img width=\"150\" height=\"150\" src=\"http:\/\/test.sykalibu.de\/wp-content\/uploads\/2017\/11\/IMG_5202-150x150.jpg\" class=\"attachment-thumbnail size-thumbnail\" alt=\"\" decoding=\"async\" loading=\"lazy\" srcset=\"http:\/\/test.sykalibu.de\/wp-content\/uploads\/2017\/11\/IMG_5202-150x150.jpg 150w, http:\/\/test.sykalibu.de\/wp-content\/uploads\/2017\/11\/IMG_5202-60x60.jpg 60w\" sizes=\"(max-width: 150px) 100vw, 150px\" \/><\/a>\n\t\t\t<\/div><\/figure><figure class='gallery-item'>\n\t\t\t<div class='gallery-icon portrait'>\n\t\t\t\t<a href='http:\/\/test.sykalibu.de\/wp-content\/uploads\/2016\/10\/image-142-e1477175923900.jpeg'><img width=\"150\" height=\"150\" src=\"http:\/\/test.sykalibu.de\/wp-content\/uploads\/2016\/10\/image-142-e1477175923900-150x150.jpeg\" class=\"attachment-thumbnail size-thumbnail\" alt=\"\" decoding=\"async\" loading=\"lazy\" srcset=\"http:\/\/test.sykalibu.de\/wp-content\/uploads\/2016\/10\/image-142-e1477175923900-150x150.jpeg 150w, http:\/\/test.sykalibu.de\/wp-content\/uploads\/2016\/10\/image-142-e1477175923900-60x60.jpeg 60w\" sizes=\"(max-width: 150px) 100vw, 150px\" \/><\/a>\n\t\t\t<\/div><\/figure><figure class='gallery-item'>\n\t\t\t<div class='gallery-icon landscape'>\n\t\t\t\t<a href='http:\/\/test.sykalibu.de\/wp-content\/uploads\/2016\/11\/image-107-e1478802404499.jpeg'><img width=\"150\" height=\"150\" src=\"http:\/\/test.sykalibu.de\/wp-content\/uploads\/2016\/11\/image-107-e1478802404499-150x150.jpeg\" class=\"attachment-thumbnail size-thumbnail\" alt=\"\" decoding=\"async\" loading=\"lazy\" srcset=\"http:\/\/test.sykalibu.de\/wp-content\/uploads\/2016\/11\/image-107-e1478802404499-150x150.jpeg 150w, http:\/\/test.sykalibu.de\/wp-content\/uploads\/2016\/11\/image-107-e1478802404499-60x60.jpeg 60w\" sizes=\"(max-width: 150px) 100vw, 150px\" \/><\/a>\n\t\t\t<\/div><\/figure><figure class='gallery-item'>\n\t\t\t<div class='gallery-icon landscape'>\n\t\t\t\t<a href='http:\/\/test.sykalibu.de\/wp-content\/uploads\/2017\/11\/IMG_5207.jpg'><img width=\"150\" height=\"150\" src=\"http:\/\/test.sykalibu.de\/wp-content\/uploads\/2017\/11\/IMG_5207-150x150.jpg\" class=\"attachment-thumbnail size-thumbnail\" alt=\"\" decoding=\"async\" loading=\"lazy\" srcset=\"http:\/\/test.sykalibu.de\/wp-content\/uploads\/2017\/11\/IMG_5207-150x150.jpg 150w, http:\/\/test.sykalibu.de\/wp-content\/uploads\/2017\/11\/IMG_5207-60x60.jpg 60w\" sizes=\"(max-width: 150px) 100vw, 150px\" \/><\/a>\n\t\t\t<\/div><\/figure><figure class='gallery-item'>\n\t\t\t<div class='gallery-icon landscape'>\n\t\t\t\t<a href='http:\/\/test.sykalibu.de\/wp-content\/uploads\/2016\/10\/image-192.jpeg'><img width=\"150\" height=\"150\" src=\"http:\/\/test.sykalibu.de\/wp-content\/uploads\/2016\/10\/image-192-150x150.jpeg\" class=\"attachment-thumbnail size-thumbnail\" alt=\"\" decoding=\"async\" loading=\"lazy\" srcset=\"http:\/\/test.sykalibu.de\/wp-content\/uploads\/2016\/10\/image-192-150x150.jpeg 150w, http:\/\/test.sykalibu.de\/wp-content\/uploads\/2016\/10\/image-192-60x60.jpeg 60w\" sizes=\"(max-width: 150px) 100vw, 150px\" \/><\/a>\n\t\t\t<\/div><\/figure><figure class='gallery-item'>\n\t\t\t<div class='gallery-icon landscape'>\n\t\t\t\t<a href='http:\/\/test.sykalibu.de\/wp-content\/uploads\/2016\/11\/image-27.jpeg'><img width=\"150\" height=\"150\" src=\"http:\/\/test.sykalibu.de\/wp-content\/uploads\/2016\/11\/image-27-150x150.jpeg\" class=\"attachment-thumbnail size-thumbnail\" alt=\"\" decoding=\"async\" loading=\"lazy\" aria-describedby=\"gallery-1-3242\" srcset=\"http:\/\/test.sykalibu.de\/wp-content\/uploads\/2016\/11\/image-27-150x150.jpeg 150w, http:\/\/test.sykalibu.de\/wp-content\/uploads\/2016\/11\/image-27-60x60.jpeg 60w\" sizes=\"(max-width: 150px) 100vw, 150px\" \/><\/a>\n\t\t\t<\/div>\n\t\t\t\t<figcaption class='wp-caption-text gallery-caption' id='gallery-1-3242'>\n\t\t\t\tLa Paz &#8211; Bolivia\n\t\t\t\t<\/figcaption><\/figure>\n\t\t<\/div>\n\n","protected":false},"excerpt":{"rendered":"<p>Seit 2016 haben wir einen kleinen gr\u00fcnen Gef\u00e4hrten. Er nennt sich WAKO und wurde uns vom K\u00fcnstler Rafael Lanfranco mit auf die Reise gegeben. Er sagt, WAKO steht f\u00fcr ein weltoffenes neues Peru, das eine zeitgem\u00e4\u00dfe Kultur aus den alten Wurzeln entwickelt und WAKO soll dieses Bild von Peru in die Welt tragen. Siehe \u2013 [&hellip;]<\/p>\n","protected":false},"author":1,"featured_media":0,"parent":0,"menu_order":0,"comment_status":"closed","ping_status":"closed","template":"page-fullwidth.php","meta":[],"_links":{"self":[{"href":"http:\/\/test.sykalibu.de\/index.php?rest_route=\/wp\/v2\/pages\/4415"}],"collection":[{"href":"http:\/\/test.sykalibu.de\/index.php?rest_route=\/wp\/v2\/pages"}],"about":[{"href":"http:\/\/test.sykalibu.de\/index.php?rest_route=\/wp\/v2\/types\/page"}],"author":[{"embeddable":true,"href":"http:\/\/test.sykalibu.de\/index.php?rest_route=\/wp\/v2\/users\/1"}],"replies":[{"embeddable":true,"href":"http:\/\/test.sykalibu.de\/index.php?rest_route=%2Fwp%2Fv2%2Fcomments&post=4415"}],"version-history":[{"count":3,"href":"http:\/\/test.sykalibu.de\/index.php?rest_route=\/wp\/v2\/pages\/4415\/revisions"}],"predecessor-version":[{"id":4439,"href":"http:\/\/test.sykalibu.de\/index.php?rest_route=\/wp\/v2\/pages\/4415\/revisions\/4439"}],"wp:attachment":[{"href":"http:\/\/test.sykalibu.de\/index.php?rest_route=%2Fwp%2Fv2%2Fmedia&parent=4415"}],"curies":[{"name":"wp","href":"https:\/\/api.w.org\/{rel}","templated":true}]}}