{"id":2,"date":"2014-11-03T14:47:27","date_gmt":"2014-11-03T12:47:27","guid":{"rendered":"http:\/\/localhost:8888\/wordpress\/?page_id=2"},"modified":"2018-08-13T10:09:00","modified_gmt":"2018-08-13T08:09:00","slug":"beispiel-seite","status":"publish","type":"page","link":"http:\/\/test.sykalibu.de\/?page_id=2","title":{"rendered":"\u00dcber Uns"},"content":{"rendered":"<p>Wir sind eine Familie, Birgit, Thomas, Zo\u00eb und Leonard, die sich 2014 mit der Segelyacht Kalibu auf den Weg gemacht hat, um die Welt zu umrunden.<\/p>\n<p>Thematischer Ausgangspunkt f\u00fcr uns war die Reise Darwins um die S\u00fcdspitze von Amerika sowie seine Entdeckungen und Theorien. In j\u00fcngster Zeit folgen wir jedoch eher den Routen von James Cook und anderen Seefahrern. Wir wollen aber nicht nur die Welt sehen, sondern mit unseren Kindern auch die Auswirkung der Verst\u00e4dterung beobachten und die Ver\u00e4nderungen der \u00d6kosysteme verstehen.<\/p>\n<p>Birgit fing im Studium mit dem Segeln an. Thomas Leidenschaft f\u00fcrs Segeln begann dagegen sehr fr\u00fch. Schon als Dreij\u00e4hriger war er im Segelfaltboot auf den m\u00e4rkischen Seen unterwegs. Birgit und Thomas kauften dann kurz nach der Geburt von Leonard ein IF Boot am Wannsee in Berlin. Danach war das Fahrtensegeln die sch\u00f6nste Zeit in jedem Sommer. Nach und nach erweiterten wir unsere Reiseroute bis nach Schweden. Die Idee die sch\u00f6nste Zeit des Jahres weitest gehend zur verl\u00e4ngern, f\u00fchrte dann zur Planung und Verwirklichung dieser Segelreise, die uns um die Welt bringen soll.<\/p>\n<p>Thomas ist unser Skipper. Er beh\u00e4lt immer die Ruhe, es sei denn, jemand bekommt mehr Schokolade als er &#x1f609;\u00a0 Er liebt segeln und unterh\u00e4lt sich mit jedem, egal in welcher Sprache.<\/p>\n<p>Birgit ist unser erster Offizier und die Quartiermeisterin. Sie f\u00fcttert liebevoll den sykalibu Blog und Dank ihres saarl\u00e4ndischen Erbes brauchen wir uns nie Gedanken dar\u00fcber zu machen irgendwann etwas ekliges essen zu m\u00fcssen. Zumindest nicht, wenn sie kocht.<\/p>\n<p>Zo\u00eb ist eine gro\u00dfartige Sammlerin und schreibt gerne Geschichten. Sie hat seit ihrem ersten Lebensjahr jeden Sommer auf dem IF-Boot \u201eSolveig\u201c verbracht. Ausserdem liebt sie das Lesen, Schwimmen und Tauchen.<\/p>\n<p>Leonard liebt es zu diskutieren. Er hat im Alter von einem Monat das erste Mal einen Sommer auf der \u201eSolveig\u201c verbracht und kann sich keine andere Reisform als Segeln oder Rennradfahren vorstellen. Au\u00dferdem ist er unser Vertreter der experimentellen K\u00fcche.<\/p>\n<p>gez. Zo\u00eb<\/p>\n","protected":false},"excerpt":{"rendered":"<p>Wir sind eine Familie, Birgit, Thomas, Zo\u00eb und Leonard, die sich 2014 mit der Segelyacht Kalibu auf den Weg gemacht hat, um die Welt zu umrunden. Thematischer Ausgangspunkt f\u00fcr uns war die Reise Darwins um die S\u00fcdspitze von Amerika sowie seine Entdeckungen und Theorien. In j\u00fcngster Zeit folgen wir jedoch eher den Routen von James [&hellip;]<\/p>\n","protected":false},"author":1,"featured_media":13,"parent":0,"menu_order":0,"comment_status":"closed","ping_status":"closed","template":"","meta":[],"_links":{"self":[{"href":"http:\/\/test.sykalibu.de\/index.php?rest_route=\/wp\/v2\/pages\/2"}],"collection":[{"href":"http:\/\/test.sykalibu.de\/index.php?rest_route=\/wp\/v2\/pages"}],"about":[{"href":"http:\/\/test.sykalibu.de\/index.php?rest_route=\/wp\/v2\/types\/page"}],"author":[{"embeddable":true,"href":"http:\/\/test.sykalibu.de\/index.php?rest_route=\/wp\/v2\/users\/1"}],"replies":[{"embeddable":true,"href":"http:\/\/test.sykalibu.de\/index.php?rest_route=%2Fwp%2Fv2%2Fcomments&post=2"}],"version-history":[{"count":11,"href":"http:\/\/test.sykalibu.de\/index.php?rest_route=\/wp\/v2\/pages\/2\/revisions"}],"predecessor-version":[{"id":5151,"href":"http:\/\/test.sykalibu.de\/index.php?rest_route=\/wp\/v2\/pages\/2\/revisions\/5151"}],"wp:featuredmedia":[{"embeddable":true,"href":"http:\/\/test.sykalibu.de\/index.php?rest_route=\/wp\/v2\/media\/13"}],"wp:attachment":[{"href":"http:\/\/test.sykalibu.de\/index.php?rest_route=%2Fwp%2Fv2%2Fmedia&parent=2"}],"curies":[{"name":"wp","href":"https:\/\/api.w.org\/{rel}","templated":true}]}}